{"id":324,"date":"2024-08-03T11:49:06","date_gmt":"2024-08-03T11:49:06","guid":{"rendered":"https:\/\/eigenkweek.com\/eigenkweek\/?page_id=324"},"modified":"2025-10-13T09:54:59","modified_gmt":"2025-10-13T09:54:59","slug":"teerfeest-eigen-kweek","status":"publish","type":"page","link":"https:\/\/eigenkweek.com\/eigenkweek\/index.php\/teerfeest-eigen-kweek\/","title":{"rendered":"Teerfeest Eigen Kweek"},"content":{"rendered":"<p><strong>Eigen Kweek bedankt zijn fans, op 18 oktober 2025, met een grandioos teerfeest!<\/strong><\/p><div class=\"wp-block-buttons is-content-justification-center is-layout-flex wp-container-core-buttons-is-layout-8057eaf3 wp-block-buttons-is-layout-flex\"><div class=\"wp-block-button has-custom-width wp-block-button__width-100\"><a class=\"wp-block-button__link has-pale-pink-background-color has-background has-text-align-center wp-element-button\" href=\"https:\/\/teerfeesteigenkweek.eventsquare.store\/onfkcjfjemej\" target=\"_blank\" rel=\"noreferrer noopener\">Tickets en registratie<\/a><\/div><\/div><p class=\"has-text-align-center has-medium-font-size\"><br><strong>Namiddagprogramma<\/strong><br>\u20ac 32<\/p><p><strong>14 u: Muzikale Kroegentocht<\/strong> <br>Onder muzikale begeleiding trekken we van caf\u00e9 naar caf\u00e9.<\/p><ul class=\"wp-block-list\"><li>Start: vanaf 14 uur, <a href=\"https:\/\/www.facebook.com\/p\/Rubenshof-Eppegem-100086725052174\/\">Caf\u00e9 Rubenshof, Eppegem<\/a> (om 14u45 vertrekken we naar het volgende caf\u00e9)<\/li>\n\n<li>Route: <ul class=\"wp-block-list\"><li><a href=\"https:\/\/www.facebook.com\/p\/Rubenshof-Eppegem-100086725052174\/\">Rubenshof, Eppegem<\/a><\/li>\n\n<li><a href=\"https:\/\/www.facebook.com\/tsteen.elewijt\">Caf\u00e9 T&#8217; Steen, Elewijt<\/a><\/li>\n\n<li><a href=\"https:\/\/www.facebook.com\/pages\/Belvedere%20Elewijt\/303172000124565\/#\">Cafe Belvedere, Elewijt<\/a><\/li>\n\n<li><a href=\"http:\/\/Caf\u00e9 Schoonzicht\">Caf\u00e9 Schoonzicht, Weerde<\/a><\/li>\n\n<li><a href=\"https:\/\/dejeppe.com\/\">Jeugdhuis De Jeppe, Eppegem<\/a><\/li><\/ul><\/li>\n\n<li>Inbegrepen: <ul class=\"wp-block-list\"><li>1 consumptie\/caf\u00e9 (pils of frisdrank, 25 cl)<\/li>\n\n<li>Snacks<\/li>\n\n<li>Een druppeltje en een flesje water voor onderweg<\/li>\n\n<li>Vervoer met tractor en kar of vrachtwagen en kar (afhankelijk van de hoeveelheid inschrijvingen)<\/li><\/ul><\/li>\n\n<li>Prijs: \u20ac 32, incl. transactiekosten.<\/li><\/ul><p class=\"has-text-align-center has-medium-font-size\"><strong>Avondprogramma<\/strong><br>Gratis<\/p><p><strong>19 u : Deuren <a href=\"https:\/\/www.facebook.com\/jhdejeppe\">JH De Jeppe<\/a> open<\/strong><\/p><p><strong>19-21 u: Frietjes en hamburgers ten voordele van Chiro Eppegem<\/strong><br>Doorlopend frietjes en hamburgers verkrijgbaar, aan democratische prijzen.<\/p><p><strong>20 u: Optreden Eigen Kweek<\/strong><br>Gas op die lollie!<\/p><p><strong>00 u: Einde<\/strong><\/p><figure class=\"wp-block-image size-full\"><img loading=\"lazy\" decoding=\"async\" width=\"794\" height=\"454\" src=\"https:\/\/eigenkweek.com\/eigenkweek\/wp-content\/uploads\/2025\/09\/Teerfeest_banner-1.png\" alt=\"\" class=\"wp-image-539\" srcset=\"https:\/\/eigenkweek.com\/eigenkweek\/wp-content\/uploads\/2025\/09\/Teerfeest_banner-1.png 794w, https:\/\/eigenkweek.com\/eigenkweek\/wp-content\/uploads\/2025\/09\/Teerfeest_banner-1-300x172.png 300w, https:\/\/eigenkweek.com\/eigenkweek\/wp-content\/uploads\/2025\/09\/Teerfeest_banner-1-768x439.png 768w, https:\/\/eigenkweek.com\/eigenkweek\/wp-content\/uploads\/2025\/09\/Teerfeest_banner-1-350x200.png 350w\" sizes=\"auto, (max-width: 767px) 89vw, (max-width: 1000px) 54vw, (max-width: 1071px) 543px, 580px\" \/><\/figure><p><\/p>","protected":false},"excerpt":{"rendered":"<p>Eigen Kweek bedankt zijn fans, op 18 oktober 2025, met een grandioos teerfeest! Namiddagprogramma\u20ac 32 14 u: Muzikale Kroegentocht Onder muzikale begeleiding trekken we van caf\u00e9 naar caf\u00e9. AvondprogrammaGratis 19 u : Deuren JH De Jeppe open 19-21 u: Frietjes en hamburgers ten voordele van Chiro EppegemDoorlopend frietjes en hamburgers verkrijgbaar, aan democratische prijzen. 20 &hellip; <\/p>\n<p class=\"link-more\"><a href=\"https:\/\/eigenkweek.com\/eigenkweek\/index.php\/teerfeest-eigen-kweek\/\" class=\"more-link\">Lees verder <span class=\"screen-reader-text\">&#8220;Teerfeest Eigen Kweek&#8221;<\/span><\/a><\/p>\n","protected":false},"author":1,"featured_media":0,"parent":0,"menu_order":0,"comment_status":"closed","ping_status":"closed","template":"","meta":{"footnotes":""},"class_list":["post-324","page","type-page","status-publish","hentry"],"yoast_head":"<!-- This site is optimized with the Yoast SEO plugin v19.9 - https:\/\/yoast.com\/wordpress\/plugins\/seo\/ -->\n<title>Teerfeest Eigen Kweek - Eigen kweek<\/title>\n<meta name=\"description\" content=\"Eigen Kweek bedankt zijn fans, op 19 oktober 2024, tijdens het allereerste teerfeest! De inschrijvingen starten in de loop van augustus. Hou zeker onze Facebook-pagina in de gaten om op de hoogte te blijven. Hieronder al een tipje van de sluier:Programma:13 u: Kroegentocht21 u: Optreden Eigen Kweek13 u: KroegentochtOnder muzikale begeleiding trekken we van caf\u00e9 naar caf\u00e9.21 u: Optreden Eigen KweekNa twee jaar nemen we plechtig afscheid van onze huidige setlist. Nog \u00e9\u00e9n keer, samen met jullie, alles geven op de medleys die we de laatste jaren gespeeld hebben. Daarna trekken we ons even terug, om in het voorjaar een compleet nieuwe show te kunnen voorstellen.\" \/>\n<meta name=\"robots\" content=\"index, follow, max-snippet:-1, max-image-preview:large, max-video-preview:-1\" \/>\n<link rel=\"canonical\" href=\"https:\/\/eigenkweek.com\/eigenkweek\/index.php\/teerfeest-eigen-kweek\/\" \/>\n<meta property=\"og:locale\" content=\"nl_NL\" \/>\n<meta property=\"og:type\" content=\"article\" \/>\n<meta property=\"og:title\" content=\"Teerfeest Eigen Kweek - Eigen kweek\" \/>\n<meta property=\"og:description\" content=\"Eigen Kweek bedankt zijn fans, op 19 oktober 2024, tijdens het allereerste teerfeest! De inschrijvingen starten in de loop van augustus. Hou zeker onze Facebook-pagina in de gaten om op de hoogte te blijven. Hieronder al een tipje van de sluier:Programma:13 u: Kroegentocht21 u: Optreden Eigen Kweek13 u: KroegentochtOnder muzikale begeleiding trekken we van caf\u00e9 naar caf\u00e9.21 u: Optreden Eigen KweekNa twee jaar nemen we plechtig afscheid van onze huidige setlist. Nog \u00e9\u00e9n keer, samen met jullie, alles geven op de medleys die we de laatste jaren gespeeld hebben. Daarna trekken we ons even terug, om in het voorjaar een compleet nieuwe show te kunnen voorstellen.\" \/>\n<meta property=\"og:url\" content=\"https:\/\/eigenkweek.com\/eigenkweek\/index.php\/teerfeest-eigen-kweek\/\" \/>\n<meta property=\"og:site_name\" content=\"Eigen kweek\" \/>\n<meta property=\"article:publisher\" content=\"https:\/\/www.facebook.com\/EigenKweekBand\" \/>\n<meta property=\"article:modified_time\" content=\"2025-10-13T09:54:59+00:00\" \/>\n<meta property=\"og:image\" content=\"https:\/\/eigenkweek.com\/eigenkweek\/wp-content\/uploads\/2025\/09\/Teerfeest_banner-1.png\" \/>\n<meta name=\"twitter:card\" content=\"summary_large_image\" \/>\n<meta name=\"twitter:label1\" content=\"Geschatte leestijd\" \/>\n\t<meta name=\"twitter:data1\" content=\"1 minuut\" \/>\n<script type=\"application\/ld+json\" class=\"yoast-schema-graph\">{\"@context\":\"https:\/\/schema.org\",\"@graph\":[{\"@type\":\"WebPage\",\"@id\":\"https:\/\/eigenkweek.com\/eigenkweek\/index.php\/teerfeest-eigen-kweek\/\",\"url\":\"https:\/\/eigenkweek.com\/eigenkweek\/index.php\/teerfeest-eigen-kweek\/\",\"name\":\"Teerfeest Eigen Kweek - Eigen kweek\",\"isPartOf\":{\"@id\":\"http:\/\/eigenkweek.com\/eigenkweek\/#website\"},\"datePublished\":\"2024-08-03T11:49:06+00:00\",\"dateModified\":\"2025-10-13T09:54:59+00:00\",\"description\":\"Eigen Kweek bedankt zijn fans, op 19 oktober 2024, tijdens het allereerste teerfeest! De inschrijvingen starten in de loop van augustus. Hou zeker onze Facebook-pagina in de gaten om op de hoogte te blijven. Hieronder al een tipje van de sluier:Programma:13 u: Kroegentocht21 u: Optreden Eigen Kweek13 u: KroegentochtOnder muzikale begeleiding trekken we van caf\u00e9 naar caf\u00e9.21 u: Optreden Eigen KweekNa twee jaar nemen we plechtig afscheid van onze huidige setlist. Nog \u00e9\u00e9n keer, samen met jullie, alles geven op de medleys die we de laatste jaren gespeeld hebben. Daarna trekken we ons even terug, om in het voorjaar een compleet nieuwe show te kunnen voorstellen.\",\"breadcrumb\":{\"@id\":\"https:\/\/eigenkweek.com\/eigenkweek\/index.php\/teerfeest-eigen-kweek\/#breadcrumb\"},\"inLanguage\":\"nl-NL\",\"potentialAction\":[{\"@type\":\"ReadAction\",\"target\":[\"https:\/\/eigenkweek.com\/eigenkweek\/index.php\/teerfeest-eigen-kweek\/\"]}]},{\"@type\":\"BreadcrumbList\",\"@id\":\"https:\/\/eigenkweek.com\/eigenkweek\/index.php\/teerfeest-eigen-kweek\/#breadcrumb\",\"itemListElement\":[{\"@type\":\"ListItem\",\"position\":1,\"name\":\"Home\",\"item\":\"http:\/\/eigenkweek.com\/eigenkweek\/\"},{\"@type\":\"ListItem\",\"position\":2,\"name\":\"Teerfeest Eigen Kweek\"}]},{\"@type\":\"WebSite\",\"@id\":\"http:\/\/eigenkweek.com\/eigenkweek\/#website\",\"url\":\"http:\/\/eigenkweek.com\/eigenkweek\/\",\"name\":\"Eigen kweek\",\"description\":\"@eigenkweek.com #Vangrunderbeek\",\"publisher\":{\"@id\":\"http:\/\/eigenkweek.com\/eigenkweek\/#organization\"},\"potentialAction\":[{\"@type\":\"SearchAction\",\"target\":{\"@type\":\"EntryPoint\",\"urlTemplate\":\"http:\/\/eigenkweek.com\/eigenkweek\/?s={search_term_string}\"},\"query-input\":\"required name=search_term_string\"}],\"inLanguage\":\"nl-NL\"},{\"@type\":\"Organization\",\"@id\":\"http:\/\/eigenkweek.com\/eigenkweek\/#organization\",\"name\":\"Eigen kweek - Band\",\"url\":\"http:\/\/eigenkweek.com\/eigenkweek\/\",\"logo\":{\"@type\":\"ImageObject\",\"inLanguage\":\"nl-NL\",\"@id\":\"http:\/\/eigenkweek.com\/eigenkweek\/#\/schema\/logo\/image\/\",\"url\":\"https:\/\/eigenkweek.com\/eigenkweek\/wp-content\/uploads\/2022\/11\/EigenKweek_back_black-1024x717.png\",\"contentUrl\":\"https:\/\/eigenkweek.com\/eigenkweek\/wp-content\/uploads\/2022\/11\/EigenKweek_back_black-1024x717.png\",\"width\":1024,\"height\":717,\"caption\":\"Eigen kweek - Band\"},\"image\":{\"@id\":\"http:\/\/eigenkweek.com\/eigenkweek\/#\/schema\/logo\/image\/\"},\"sameAs\":[\"https:\/\/www.instagram.com\/eigenkweekband\/\",\"https:\/\/www.facebook.com\/EigenKweekBand\"]}]}<\/script>\n<!-- \/ Yoast SEO plugin. -->","yoast_head_json":{"title":"Teerfeest Eigen Kweek - Eigen kweek","description":"Eigen Kweek bedankt zijn fans, op 19 oktober 2024, tijdens het allereerste teerfeest! De inschrijvingen starten in de loop van augustus. Hou zeker onze Facebook-pagina in de gaten om op de hoogte te blijven. Hieronder al een tipje van de sluier:Programma:13 u: Kroegentocht21 u: Optreden Eigen Kweek13 u: KroegentochtOnder muzikale begeleiding trekken we van caf\u00e9 naar caf\u00e9.21 u: Optreden Eigen KweekNa twee jaar nemen we plechtig afscheid van onze huidige setlist. Nog \u00e9\u00e9n keer, samen met jullie, alles geven op de medleys die we de laatste jaren gespeeld hebben. Daarna trekken we ons even terug, om in het voorjaar een compleet nieuwe show te kunnen voorstellen.","robots":{"index":"index","follow":"follow","max-snippet":"max-snippet:-1","max-image-preview":"max-image-preview:large","max-video-preview":"max-video-preview:-1"},"canonical":"https:\/\/eigenkweek.com\/eigenkweek\/index.php\/teerfeest-eigen-kweek\/","og_locale":"nl_NL","og_type":"article","og_title":"Teerfeest Eigen Kweek - Eigen kweek","og_description":"Eigen Kweek bedankt zijn fans, op 19 oktober 2024, tijdens het allereerste teerfeest! De inschrijvingen starten in de loop van augustus. Hou zeker onze Facebook-pagina in de gaten om op de hoogte te blijven. Hieronder al een tipje van de sluier:Programma:13 u: Kroegentocht21 u: Optreden Eigen Kweek13 u: KroegentochtOnder muzikale begeleiding trekken we van caf\u00e9 naar caf\u00e9.21 u: Optreden Eigen KweekNa twee jaar nemen we plechtig afscheid van onze huidige setlist. Nog \u00e9\u00e9n keer, samen met jullie, alles geven op de medleys die we de laatste jaren gespeeld hebben. Daarna trekken we ons even terug, om in het voorjaar een compleet nieuwe show te kunnen voorstellen.","og_url":"https:\/\/eigenkweek.com\/eigenkweek\/index.php\/teerfeest-eigen-kweek\/","og_site_name":"Eigen kweek","article_publisher":"https:\/\/www.facebook.com\/EigenKweekBand","article_modified_time":"2025-10-13T09:54:59+00:00","og_image":[{"url":"https:\/\/eigenkweek.com\/eigenkweek\/wp-content\/uploads\/2025\/09\/Teerfeest_banner-1.png"}],"twitter_card":"summary_large_image","twitter_misc":{"Geschatte leestijd":"1 minuut"},"schema":{"@context":"https:\/\/schema.org","@graph":[{"@type":"WebPage","@id":"https:\/\/eigenkweek.com\/eigenkweek\/index.php\/teerfeest-eigen-kweek\/","url":"https:\/\/eigenkweek.com\/eigenkweek\/index.php\/teerfeest-eigen-kweek\/","name":"Teerfeest Eigen Kweek - Eigen kweek","isPartOf":{"@id":"http:\/\/eigenkweek.com\/eigenkweek\/#website"},"datePublished":"2024-08-03T11:49:06+00:00","dateModified":"2025-10-13T09:54:59+00:00","description":"Eigen Kweek bedankt zijn fans, op 19 oktober 2024, tijdens het allereerste teerfeest! De inschrijvingen starten in de loop van augustus. Hou zeker onze Facebook-pagina in de gaten om op de hoogte te blijven. Hieronder al een tipje van de sluier:Programma:13 u: Kroegentocht21 u: Optreden Eigen Kweek13 u: KroegentochtOnder muzikale begeleiding trekken we van caf\u00e9 naar caf\u00e9.21 u: Optreden Eigen KweekNa twee jaar nemen we plechtig afscheid van onze huidige setlist. Nog \u00e9\u00e9n keer, samen met jullie, alles geven op de medleys die we de laatste jaren gespeeld hebben. Daarna trekken we ons even terug, om in het voorjaar een compleet nieuwe show te kunnen voorstellen.","breadcrumb":{"@id":"https:\/\/eigenkweek.com\/eigenkweek\/index.php\/teerfeest-eigen-kweek\/#breadcrumb"},"inLanguage":"nl-NL","potentialAction":[{"@type":"ReadAction","target":["https:\/\/eigenkweek.com\/eigenkweek\/index.php\/teerfeest-eigen-kweek\/"]}]},{"@type":"BreadcrumbList","@id":"https:\/\/eigenkweek.com\/eigenkweek\/index.php\/teerfeest-eigen-kweek\/#breadcrumb","itemListElement":[{"@type":"ListItem","position":1,"name":"Home","item":"http:\/\/eigenkweek.com\/eigenkweek\/"},{"@type":"ListItem","position":2,"name":"Teerfeest Eigen Kweek"}]},{"@type":"WebSite","@id":"http:\/\/eigenkweek.com\/eigenkweek\/#website","url":"http:\/\/eigenkweek.com\/eigenkweek\/","name":"Eigen kweek","description":"@eigenkweek.com #Vangrunderbeek","publisher":{"@id":"http:\/\/eigenkweek.com\/eigenkweek\/#organization"},"potentialAction":[{"@type":"SearchAction","target":{"@type":"EntryPoint","urlTemplate":"http:\/\/eigenkweek.com\/eigenkweek\/?s={search_term_string}"},"query-input":"required name=search_term_string"}],"inLanguage":"nl-NL"},{"@type":"Organization","@id":"http:\/\/eigenkweek.com\/eigenkweek\/#organization","name":"Eigen kweek - Band","url":"http:\/\/eigenkweek.com\/eigenkweek\/","logo":{"@type":"ImageObject","inLanguage":"nl-NL","@id":"http:\/\/eigenkweek.com\/eigenkweek\/#\/schema\/logo\/image\/","url":"https:\/\/eigenkweek.com\/eigenkweek\/wp-content\/uploads\/2022\/11\/EigenKweek_back_black-1024x717.png","contentUrl":"https:\/\/eigenkweek.com\/eigenkweek\/wp-content\/uploads\/2022\/11\/EigenKweek_back_black-1024x717.png","width":1024,"height":717,"caption":"Eigen kweek - Band"},"image":{"@id":"http:\/\/eigenkweek.com\/eigenkweek\/#\/schema\/logo\/image\/"},"sameAs":["https:\/\/www.instagram.com\/eigenkweekband\/","https:\/\/www.facebook.com\/EigenKweekBand"]}]}},"jetpack_sharing_enabled":true,"_links":{"self":[{"href":"https:\/\/eigenkweek.com\/eigenkweek\/index.php\/wp-json\/wp\/v2\/pages\/324","targetHints":{"allow":["GET"]}}],"collection":[{"href":"https:\/\/eigenkweek.com\/eigenkweek\/index.php\/wp-json\/wp\/v2\/pages"}],"about":[{"href":"https:\/\/eigenkweek.com\/eigenkweek\/index.php\/wp-json\/wp\/v2\/types\/page"}],"author":[{"embeddable":true,"href":"https:\/\/eigenkweek.com\/eigenkweek\/index.php\/wp-json\/wp\/v2\/users\/1"}],"replies":[{"embeddable":true,"href":"https:\/\/eigenkweek.com\/eigenkweek\/index.php\/wp-json\/wp\/v2\/comments?post=324"}],"version-history":[{"count":26,"href":"https:\/\/eigenkweek.com\/eigenkweek\/index.php\/wp-json\/wp\/v2\/pages\/324\/revisions"}],"predecessor-version":[{"id":554,"href":"https:\/\/eigenkweek.com\/eigenkweek\/index.php\/wp-json\/wp\/v2\/pages\/324\/revisions\/554"}],"wp:attachment":[{"href":"https:\/\/eigenkweek.com\/eigenkweek\/index.php\/wp-json\/wp\/v2\/media?parent=324"}],"curies":[{"name":"wp","href":"https:\/\/api.w.org\/{rel}","templated":true}]}}